{"id":15,"date":"2019-10-13T16:23:34","date_gmt":"2019-10-13T14:23:34","guid":{"rendered":"http:\/\/www.techne.hr\/?page_id=15"},"modified":"2023-01-27T10:15:14","modified_gmt":"2023-01-27T09:15:14","slug":"clanstvo","status":"publish","type":"page","link":"https:\/\/www.techne.hr\/?page_id=15","title":{"rendered":"O nama"},"content":{"rendered":"\n<p>Na\u0161a udruga okuplja \u010dlanove koji su prete\u017eno in\u017eenjerskih struka, me\u0111utim vrlo rado u<br>\u010dlanstvo primamo stru\u010dnjake iz raznih drugih podru\u010dja, odnosno sve one sa kojima<br>prona\u0111emo bilo kakve tragove zajedni\u010dkih ideja.<br>Do sada smo, samostalno ili kao partner, izradili nekoliko studija, idejnih rje\u0161enja, elaborata,<br>razvojnih projekata, sudjelovanje na izradi prostornih planova. Pokrenuli smo i vodili Visoku<br>tehni\u010dku \u0161kolu \u2013 Politehnika Pula, radili smo na osvje\u0161\u0107ivanju javnosti o va\u017enosti i mogu\u0107em<br>utjecaju elektromagnetskih polja na zdravlje ljudi i na\u010dinima za\u0161tite. Sura\u0111ivali smo sa<br>mnogim stru\u010dnjacima direktno, a kroz institucije naj\u010de\u0161\u0107e sa Energetskim institutom \u201eHrvoje<br>Po\u017ear\u201c te Fakultetom elektrotehnike i ra\u010dunarstva Zagreb.<br>Izdajemo TECHNE \u010dasopis za politehni\u010dku obrazovnu teoriju i praksu ve\u0107 20 godina.<br>Ukoliko u bilo \u010demu od navedenog prona\u0111ete i najmanju dodirnu to\u010dku sa va\u0161im<br>djelovanjem, javite nam se \u2013 mo\u017eda zajedno mo\u017eemo vi\u0161e.<\/p>\n\n\n\n<p>Zbog \u010dega biti \u010dlan?<br>&#8211; izvor korisnih informacija,<br>&#8211; izvor korisnih poznanstava,<br>&#8211; izlazak iz uobi\u010dajenog kruga djelovanja,<br>&#8211; osje\u0107aj op\u0107e dru\u0161tvene koristi,<br>&#8211; mogu\u0107nost uklju\u010divanja u odre\u0111ene projekte, programe, studije te<br>&#8211; mogu\u0107nost prezentacije i valorizacije vlastitog znanja.<\/p>\n\n\n\n<p>Godi\u0161nja \u010dlanarina: 13&nbsp;\u20ac<\/p>\n\n\n\n<p>Predsjednik: Davor Mi\u0161kovi\u0107<br>Dopredsjednik: Milenko Joki\u0107<br>Tajnik: Kristijan Matas<\/p>\n","protected":false},"excerpt":{"rendered":"<p>Na\u0161a udruga okuplja \u010dlanove koji su prete\u017eno in\u017eenjerskih struka, me\u0111utim vrlo rado u\u010dlanstvo primamo stru\u010dnjake iz raznih drugih podru\u010dja, odnosno sve one sa kojimaprona\u0111emo bilo kakve tragove zajedni\u010dkih ideja.Do sada smo, samostalno ili kao partner, izradili nekoliko studija, idejnih rje\u0161enja, elaborata,razvojnih projekata, sudjelovanje na izradi prostornih planova. Pokrenuli smo i<\/p>\n","protected":false},"author":1,"featured_media":0,"parent":0,"menu_order":0,"comment_status":"closed","ping_status":"closed","template":"","meta":[],"_links":{"self":[{"href":"https:\/\/www.techne.hr\/index.php?rest_route=\/wp\/v2\/pages\/15"}],"collection":[{"href":"https:\/\/www.techne.hr\/index.php?rest_route=\/wp\/v2\/pages"}],"about":[{"href":"https:\/\/www.techne.hr\/index.php?rest_route=\/wp\/v2\/types\/page"}],"author":[{"embeddable":true,"href":"https:\/\/www.techne.hr\/index.php?rest_route=\/wp\/v2\/users\/1"}],"replies":[{"embeddable":true,"href":"https:\/\/www.techne.hr\/index.php?rest_route=%2Fwp%2Fv2%2Fcomments&post=15"}],"version-history":[{"count":5,"href":"https:\/\/www.techne.hr\/index.php?rest_route=\/wp\/v2\/pages\/15\/revisions"}],"predecessor-version":[{"id":665,"href":"https:\/\/www.techne.hr\/index.php?rest_route=\/wp\/v2\/pages\/15\/revisions\/665"}],"wp:attachment":[{"href":"https:\/\/www.techne.hr\/index.php?rest_route=%2Fwp%2Fv2%2Fmedia&parent=15"}],"curies":[{"name":"wp","href":"https:\/\/api.w.org\/{rel}","templated":true}]}}