{"id":223,"date":"2020-11-18T18:09:02","date_gmt":"2020-11-18T17:09:02","guid":{"rendered":"https:\/\/www.techne.hr\/?page_id=223"},"modified":"2021-03-14T16:57:39","modified_gmt":"2021-03-14T15:57:39","slug":"knjige","status":"publish","type":"page","link":"https:\/\/www.techne.hr\/?page_id=223","title":{"rendered":"Politika i korupcija"},"content":{"rendered":"\n<div class=\"wp-block-media-text alignwide is-stacked-on-mobile is-vertically-aligned-top\" style=\"grid-template-columns:30% auto\"><figure class=\"wp-block-media-text__media\"><a href=\"https:\/\/www.techne.hr\/wp-content\/uploads\/2020\/11\/Politika-i-korupcija-impressum.pdf\"><img loading=\"lazy\" width=\"715\" height=\"1024\" src=\"https:\/\/www.techne.hr\/wp-content\/uploads\/2020\/11\/Politika-u-korupcija-naslovna-715x1024.png\" alt=\"\" class=\"wp-image-304\" srcset=\"https:\/\/www.techne.hr\/wp-content\/uploads\/2020\/11\/Politika-u-korupcija-naslovna-715x1024.png 715w, https:\/\/www.techne.hr\/wp-content\/uploads\/2020\/11\/Politika-u-korupcija-naslovna-210x300.png 210w, https:\/\/www.techne.hr\/wp-content\/uploads\/2020\/11\/Politika-u-korupcija-naslovna-768x1100.png 768w, https:\/\/www.techne.hr\/wp-content\/uploads\/2020\/11\/Politika-u-korupcija-naslovna.png 785w\" sizes=\"(max-width: 715px) 100vw, 715px\" \/><\/a><\/figure><div class=\"wp-block-media-text__content\">\n<p class=\"has-medium-font-size\"><strong>Politika i korupcija<\/strong><br>Autor: Dr. sc. Rosana Lucijeti\u0107<\/p>\n\n\n\n<p>Godina izdanja: 2020<br>ISBN 978-953-49275-0-2<br>Nakladnik: TECHNE Udru\u017eenje in\u017eenjera Pula<\/p>\n\n\n\n<p class=\"has-small-font-size\">Knjiga se mo\u017ee naru\u010diti od nakladnika ili narud\u017ebom preko PayPal-a. Nakon zaprimljene uplate, knjiga \u0107e biti dostupna za preuzimanje.<\/p>\n<\/div><\/div>\n\n\n\n<p><\/p>\n\n\n\n<p><div class=\"wp_cart_button_wrapper\"><form method=\"post\" class=\"wp-cart-button-form\" action=\"\" style=\"display:inline\" onsubmit=\"return ReadForm(this, true);\" ><input type=\"hidden\" id=\"_wpnonce\" name=\"_wpnonce\" value=\"0924e30b98\" \/><input type=\"hidden\" name=\"_wp_http_referer\" value=\"\/index.php?rest_route=%2Fwp%2Fv2%2Fpages%2F223\" \/><input type=\"submit\" class=\"wspsc_add_cart_submit\" name=\"wspsc_add_cart_submit\" value=\"Kupi\" \/><input type=\"hidden\" name=\"wspsc_product\" value=\"Knjiga: Politika i korupcija\" \/><input type=\"hidden\" name=\"price\" value=\"15\" \/><input type=\"hidden\" name=\"shipping\" value=\"0\" \/><input type=\"hidden\" name=\"addcart\" value=\"1\" \/><input type=\"hidden\" name=\"cartLink\" value=\"https:\/\/www.techne.hr:443\/index.php?rest_route=%2Fwp%2Fv2%2Fpages%2F223\" \/><input type=\"hidden\" name=\"product_tmp\" value=\"Knjiga: Politika i korupcija\" \/><input type=\"hidden\" name=\"item_number\" value=\"\" \/><input type=\"hidden\" name=\"hash_one\" value=\"d7b46bf7969302b376fef92b41add509\" \/><input type=\"hidden\" name=\"hash_two\" value=\"eaae8c84fca3f39813a625ff16ace961\" \/><\/form><\/div><br>  <\/p>\n\n\n\n<p class=\"has-very-light-gray-background-color has-background\"><strong>OPIS KNJIGE<\/strong><br>U okviru ove knjige istra\u017eivanjem problema politi\u010dke korupcije i njenog suzbijanja kao stvarnosti suvremenih demokracija, doprinijelo se rje\u0161avanju utemeljenja etiologije korupcije a  prikazane su i mogu\u0107nosti i na\u010dini redukcije \u0161tete politi\u010dke korupcije unutar politi\u010dkih sustava. <br> Prikazom europskih mjera i standarda suzbijanja korupcije te osvrtom na iste u Europskoj uniji, odba\u010dena je relativizacija korupcije i teza da se protiv korupcije ne mo\u017ee ni\u0161ta u\u010diniti, kao i individualisti\u010dki pristup koji problem politi\u010dke korupcije vidi kao osobnu slabost prema izazovu. <br> AutorIica smatra, a u knjizi se to na relevantan na\u010din dokazuje, da je politi\u010dka korupcija rezultat politi\u010dkog sustava, kao ukupnosti odnosa politi\u010dke vlasti i razli\u010ditih struktura mo\u0107i, i njegovih nedostataka. <br>     Analizom i sistematizacijom dokumenata me\u0111unarodnih organizacija za razdoblje do kraja 2011. godine, prikazane su preventivne mjere i standardi suzbijanja korupcije europskih institucija. Takvim je pristupom omogu\u0107ena komparacija naspram iskustava stanja i mjera u Republici Hrvatskoj u istom razdoblju. <br>     Obuhva\u0107aju\u0107i cjelovitost politi\u010dkog sustava Hrvatske, u knjizi se analiziraju nacionalne mjere suzbijanja korupcije kroz zakonodavno pravni okvir, preventivno sprje\u010davanje korupcije i Nacionalne strategije za suzbijanje korupcije. <br>     Zaklju\u010duje se da je u promatranom periodu nedostatak politi\u010dke volje za suzbijanje korupcije bio velika zapreka uspje\u0161noj borbi protiv korupcije u Hrvatskoj. Deklarativne namjere za suzbijanje korupcije nisu bile dostatne. Iz zaklju\u010dka analize promatranog perioda, nedvojbeno je da je za u\u010dinkovitu borbu protiv korupcije neophodan jasan politi\u010dki stav i odlu\u010dno djelovanje protiv korupcije u svim segmentima dru\u0161tva usporedo kao obveza i odgovornost prema gra\u0111anima. <br> Relevantnost problema politi\u010dke korupcije koji se obra\u0111uje u ovoj knjizi  je vi\u0161estruka. <br> Na znanstvenoj razini problem je relevantan u promi\u0161ljanju institucionalne analize politi\u010dkog, pravnog, ekonomskog, upravnog  i inog ustroja. Ignoriranje politi\u010dke korupcije, osobito u tijelima javne vlasti, dovodi do devijacije obavljanja javnog posla i politike. Edukacija o korupciji najefikasnija je i najdugotrajnija mjera preventivnog  suzbijanja korupcije.<br> U knjizi su navedene primjedbe i prijedlozi za pobolj\u0161anje cjelovitog procesa suzbijanja korupcije u Hrvatskoj izvedene na osnovu istra\u017eivanja provedenog do 2011. godine, a primjenjive i danas.<\/p>\n\n\n\n<p><\/p>\n\n\n\n<p class=\"has-text-align-left has-background\" style=\"background-color:#f9f9f9\"><br><img loading=\"lazy\" width=\"600\" height=\"600\" class=\"wp-image-320\" style=\"width: 150px;\" src=\"https:\/\/www.techne.hr\/wp-content\/uploads\/2020\/11\/Rosana-Lucijetic.jpg\" alt=\"\" srcset=\"https:\/\/www.techne.hr\/wp-content\/uploads\/2020\/11\/Rosana-Lucijetic.jpg 600w, https:\/\/www.techne.hr\/wp-content\/uploads\/2020\/11\/Rosana-Lucijetic-300x300.jpg 300w, https:\/\/www.techne.hr\/wp-content\/uploads\/2020\/11\/Rosana-Lucijetic-150x150.jpg 150w\" sizes=\"(max-width: 600px) 100vw, 600px\" \/><br><strong>BILJE\u0160KA O AUTORICI<\/strong><br><br>Dr.sc. Rosana Lucijeti\u0107 zvanje diplomiranog politologa stekla je 1983. godine, diplomom Fakulteta politi\u010dkih znanosti u Zagrebu. Od tada radi u struci na poslovima od kojih valja istaknuti obna\u0161anje zna\u010dajnih funkcija u tijelima javne vlasti, \u0161to rezultira njezinim partikularnim znanstvenim interesom za podru\u010dje suzbijanja korupcije.<br>Od 2002. godine \u010dlan je me\u0111unarodne organizacije za borbu protiv korupcije Transparency International Hrvatska, a od 2013. \u010dlan je Upravnog odbora iste.<br>Doktorat u znanstvenom podru\u010dju dru\u0161tvenih znanosti, znanstveno polje politologija, znanstvena grana komparativna politika, stekla je na Fakultetu politi\u010dkih znanosti Sveu\u010dili\u0161ta u Zagrebu 2007. godine, obraniv\u0161i doktorsku disertaciju pod naslovom: \u201eSuzbijanje politi\u010dke korupcije: Europski standardi i nacionalna politika\u201c.<br>Kao doktor znanosti i vi\u0161i predava\u010d, u nastavnoj djelatnosti na Istarskom Veleu\u010dili\u0161tu &#8211; Universit\u00e0 Istriana di scienze applicate, predaje kao nositeljica kontinuirano od 2005. godine kolegije u kojima studente podu\u010dava o dru\u0161tveno &#8211; gospodarskim temama, timskom radu, prezentacijskim vje\u0161tinama, korupciji, dru\u0161tvenoj odgovornosti i poslovnom pregovaranju.<br>Sudjelovala je u nizu projekata izrade novih studijskih visoko\u0161kolskih programa u Hrvatskoj i Europskoj uniji.<br>Autorica je tridesetak znanstvenih i stru\u010dnih radova iz podru\u010dja dru\u0161tvenih znanosti.<br>Podru\u010dja znanstvenog i stru\u010dnog interesa: korupcija, dru\u0161tveno odgovorno poslovanje, odr\u017eivi razvoj, dobro upravljanje, sukob interesa, dualno obrazovanje studenata, timski rad, lobiranje i poslovno pregovaranje, poslovno prezentiranje.<\/p>\n","protected":false},"excerpt":{"rendered":"<p>Politika i korupcijaAutor: Dr. sc. Rosana Lucijeti\u0107 Godina izdanja: 2020ISBN 978-953-49275-0-2Nakladnik: TECHNE Udru\u017eenje in\u017eenjera Pula Knjiga se mo\u017ee naru\u010diti od nakladnika ili narud\u017ebom preko PayPal-a. Nakon zaprimljene uplate, knjiga \u0107e biti dostupna za preuzimanje. OPIS KNJIGEU okviru ove knjige istra\u017eivanjem problema politi\u010dke korupcije i njenog suzbijanja kao stvarnosti suvremenih demokracija,<\/p>\n","protected":false},"author":1,"featured_media":0,"parent":0,"menu_order":0,"comment_status":"closed","ping_status":"closed","template":"","meta":[],"_links":{"self":[{"href":"https:\/\/www.techne.hr\/index.php?rest_route=\/wp\/v2\/pages\/223"}],"collection":[{"href":"https:\/\/www.techne.hr\/index.php?rest_route=\/wp\/v2\/pages"}],"about":[{"href":"https:\/\/www.techne.hr\/index.php?rest_route=\/wp\/v2\/types\/page"}],"author":[{"embeddable":true,"href":"https:\/\/www.techne.hr\/index.php?rest_route=\/wp\/v2\/users\/1"}],"replies":[{"embeddable":true,"href":"https:\/\/www.techne.hr\/index.php?rest_route=%2Fwp%2Fv2%2Fcomments&post=223"}],"version-history":[{"count":43,"href":"https:\/\/www.techne.hr\/index.php?rest_route=\/wp\/v2\/pages\/223\/revisions"}],"predecessor-version":[{"id":397,"href":"https:\/\/www.techne.hr\/index.php?rest_route=\/wp\/v2\/pages\/223\/revisions\/397"}],"wp:attachment":[{"href":"https:\/\/www.techne.hr\/index.php?rest_route=%2Fwp%2Fv2%2Fmedia&parent=223"}],"curies":[{"name":"wp","href":"https:\/\/api.w.org\/{rel}","templated":true}]}}