{"id":33,"date":"2019-10-14T20:47:25","date_gmt":"2019-10-14T18:47:25","guid":{"rendered":"https:\/\/www.techne.hr\/?page_id=33"},"modified":"2023-01-25T17:47:31","modified_gmt":"2023-01-25T16:47:31","slug":"kontakt","status":"publish","type":"page","link":"https:\/\/www.techne.hr\/?page_id=33","title":{"rendered":"Kontakt"},"content":{"rendered":"\n<p>TECHNE\u00a0Udru\u017eenje in\u017eenjera Pula<\/p>\n\n\n\n<p>Web:&nbsp;<a rel=\"noreferrer noopener\" href=\"https:\/\/www.techne.hr\/\" target=\"_blank\">www.techne.hr<\/a><\/p>\n\n\n\n<p>OIB: 99728160622<br>MB: 0756318<br>IBAN: HR5624070001118016195 OTP Banka<\/p>\n\n\n\n<p><strong>Predsjednik udru\u017eenja:&nbsp;<\/strong><br>mr.sc. Davor Mi\u0161kovi\u0107, <br>e-mail:&nbsp;<a href=\"&#x6d;&#97;i&#x6c;&#116;o&#x3a;&#100;a&#x76;&#111;r&#x2e;&#109;i&#x73;&#107;o&#x76;&#105;c&#x40;&#116;e&#x63;&#104;n&#x65;&#46;h&#x72;\">dav&#111;&#114;&#46;&#x6d;&#x69;&#x73;&#x6b;&#x6f;&#x76;ic&#64;&#116;&#101;&#99;&#104;&#x6e;&#x65;&#x2e;&#x68;&#x72;<\/a>&nbsp;<br>tel.: +385 98 213 931<\/p>\n\n\n\n<p><strong>Glavni urednik \u010dasopisa:<\/strong><br>mr.sc. Radovan Joki\u0107<br>e-mail:&nbsp;<a rel=\"noreferrer noopener\" href=\"&#x6d;&#97;&#x69;&#x6c;&#116;&#x6f;&#x3a;&#114;&#x61;&#x64;&#111;&#x76;&#x61;n&#x2e;&#x6a;o&#x6b;&#105;c&#x40;&#105;n&#x65;&#116;&#46;&#x68;&#114;\" target=\"_blank\">&#x72;&#x61;&#100;&#111;v&#x61;&#x6e;&#x2e;&#106;ok&#x69;&#x63;&#64;&#105;n&#x65;&#x74;&#x2e;&#104;r<\/a>&nbsp;<br>tel.: +385 91 237 44 68<\/p>\n\n\n\n<p><\/p>\n\n\n\n<p><strong>Adresa udruge:<\/strong><br>Josipa Volti\u0107a 14<br>52100 Pula<\/p>\n","protected":false},"excerpt":{"rendered":"<p>TECHNE\u00a0Udru\u017eenje in\u017eenjera Pula Web:&nbsp;www.techne.hr OIB: 99728160622MB: 0756318IBAN: HR5624070001118016195 OTP Banka Predsjednik udru\u017eenja:&nbsp;mr.sc. Davor Mi\u0161kovi\u0107, e-mail:&nbsp;&#x64;&#x61;&#x76;&#x6f;&#x72;&#x2e;&#x6d;&#x69;&#115;&#107;&#111;&#118;&#105;&#99;&#64;tech&#x6e;&#x65;&#x2e;&#x68;&#x72;&nbsp;tel.: +385 98 213 931 Glavni urednik \u010dasopisa:mr.sc. Radovan Joki\u0107e-mail:&nbsp;&#114;&#97;&#x64;o&#118;&#x61;&#x6e;&#46;&#106;&#x6f;&#x6b;i&#99;&#x40;i&#110;&#x65;&#x74;&#46;&#104;&#x72;&nbsp;tel.: +385 91 237 44 68 Adresa udruge:Josipa Volti\u0107a 1452100 Pula<\/p>\n","protected":false},"author":1,"featured_media":0,"parent":0,"menu_order":0,"comment_status":"closed","ping_status":"closed","template":"","meta":[],"_links":{"self":[{"href":"https:\/\/www.techne.hr\/index.php?rest_route=\/wp\/v2\/pages\/33"}],"collection":[{"href":"https:\/\/www.techne.hr\/index.php?rest_route=\/wp\/v2\/pages"}],"about":[{"href":"https:\/\/www.techne.hr\/index.php?rest_route=\/wp\/v2\/types\/page"}],"author":[{"embeddable":true,"href":"https:\/\/www.techne.hr\/index.php?rest_route=\/wp\/v2\/users\/1"}],"replies":[{"embeddable":true,"href":"https:\/\/www.techne.hr\/index.php?rest_route=%2Fwp%2Fv2%2Fcomments&post=33"}],"version-history":[{"count":9,"href":"https:\/\/www.techne.hr\/index.php?rest_route=\/wp\/v2\/pages\/33\/revisions"}],"predecessor-version":[{"id":658,"href":"https:\/\/www.techne.hr\/index.php?rest_route=\/wp\/v2\/pages\/33\/revisions\/658"}],"wp:attachment":[{"href":"https:\/\/www.techne.hr\/index.php?rest_route=%2Fwp%2Fv2%2Fmedia&parent=33"}],"curies":[{"name":"wp","href":"https:\/\/api.w.org\/{rel}","templated":true}]}}