{"id":408,"date":"2021-10-16T09:23:51","date_gmt":"2021-10-16T07:23:51","guid":{"rendered":"https:\/\/www.techne.hr\/?page_id=408"},"modified":"2021-10-16T09:30:09","modified_gmt":"2021-10-16T07:30:09","slug":"urednistvo","status":"publish","type":"page","link":"https:\/\/www.techne.hr\/?page_id=408","title":{"rendered":"Uredni\u0161tvo"},"content":{"rendered":"\n<p>Uredni\u0161tvo \u010dasopisa je u sastavu:<\/p>\n\n\n\n<p>Uredni\u0161tvo \u010dasopisa TECHNE (imenovano na Skup\u0161tini 12.09.2019. godine) u sastavu:<br>mr.sc. Radovan Joki\u0107 \u2013 glavni urednik,<br>Kristijan Matas \u2013 \u010dlan i<br>Milenko Joki\u0107 \u2013 \u010dlan,<\/p>\n\n\n\n<p>U radu na ure\u0111enju \u010dasopisa sudjeluje Ure\u0111iva\u010dki odbor, u sastavu:<br>Prof. dr.sc. Imre Felde, \u00d3buda University Budapest,<br>Prof. dr.sc. Wojciech Sitek, Politechnika \u015al\u0105ska Gliwice,<br>dr.sc. Viktor Lovren\u010di\u0107, C&amp;G Ljubljana,<br>Prof. dr.sc. Bo\u017eo Smoljan, Sveu\u010dili\u0161te Sjever Koprivnica,<br>dr.sc. Sr\u0111an \u017dutobradi\u0107<br>Doc. dr.sc. Dario Iljki\u0107, RITEH Rijeka<br>Prof. dr.sc. Sven Mari\u010di\u0107, Sveu\u010dili\u0161te \u201cJuraj Dobrila\u201d Pula i<br>mr.sc. Davor Mi\u0161kovi\u0107, Techne.<\/p>\n","protected":false},"excerpt":{"rendered":"<p>Uredni\u0161tvo \u010dasopisa je u sastavu: Uredni\u0161tvo \u010dasopisa TECHNE (imenovano na Skup\u0161tini 12.09.2019. godine) u sastavu:mr.sc. Radovan Joki\u0107 \u2013 glavni urednik,Kristijan Matas \u2013 \u010dlan iMilenko Joki\u0107 \u2013 \u010dlan, U radu na ure\u0111enju \u010dasopisa sudjeluje Ure\u0111iva\u010dki odbor, u sastavu:Prof. dr.sc. Imre Felde, \u00d3buda University Budapest,Prof. dr.sc. Wojciech Sitek, Politechnika \u015al\u0105ska Gliwice,dr.sc. Viktor<\/p>\n","protected":false},"author":1,"featured_media":0,"parent":0,"menu_order":0,"comment_status":"closed","ping_status":"closed","template":"","meta":[],"_links":{"self":[{"href":"https:\/\/www.techne.hr\/index.php?rest_route=\/wp\/v2\/pages\/408"}],"collection":[{"href":"https:\/\/www.techne.hr\/index.php?rest_route=\/wp\/v2\/pages"}],"about":[{"href":"https:\/\/www.techne.hr\/index.php?rest_route=\/wp\/v2\/types\/page"}],"author":[{"embeddable":true,"href":"https:\/\/www.techne.hr\/index.php?rest_route=\/wp\/v2\/users\/1"}],"replies":[{"embeddable":true,"href":"https:\/\/www.techne.hr\/index.php?rest_route=%2Fwp%2Fv2%2Fcomments&post=408"}],"version-history":[{"count":2,"href":"https:\/\/www.techne.hr\/index.php?rest_route=\/wp\/v2\/pages\/408\/revisions"}],"predecessor-version":[{"id":412,"href":"https:\/\/www.techne.hr\/index.php?rest_route=\/wp\/v2\/pages\/408\/revisions\/412"}],"wp:attachment":[{"href":"https:\/\/www.techne.hr\/index.php?rest_route=%2Fwp%2Fv2%2Fmedia&parent=408"}],"curies":[{"name":"wp","href":"https:\/\/api.w.org\/{rel}","templated":true}]}}