{"id":46,"date":"2019-10-15T21:15:26","date_gmt":"2019-10-15T19:15:26","guid":{"rendered":"https:\/\/www.techne.hr\/?page_id=46"},"modified":"2021-11-25T22:56:34","modified_gmt":"2021-11-25T21:56:34","slug":"povijest","status":"publish","type":"page","link":"https:\/\/www.techne.hr\/?page_id=46","title":{"rendered":"Povijest"},"content":{"rendered":"\n<p class=\"has-medium-font-size\">Dana 29.04.1994. u prostorijama HEP DP &#8220;Elektroistra&#8221; Pula u Puli, Vergerijeva 10, odr\u017eana je Osniva\u010dka skup\u0161tina Udru\u017eenja in\u017eenjera TECHNE, na kojoj je usvojen Statut, logo, izabrano vodstvo i prihva\u0107en program rada.<\/p>\n\n\n\n<figure class=\"wp-block-image\"><img loading=\"lazy\" width=\"1428\" height=\"727\" src=\"https:\/\/www.techne.hr\/wp-content\/uploads\/2019\/10\/techne_povijest.png\" alt=\"\" class=\"wp-image-47\"\/><\/figure>\n\n\n\n<p class=\"has-medium-font-size\">Za ime udru\u017eenja izabrana je gr\u010dka rije\u010d <strong>TECHNE<\/strong>, koja predstavlja korijen rije\u010di\ntehnika, a zna\u010denje joj je: umjetnost, vje\u0161tina, zanat, obrt, posao, nauka.<\/p>\n\n\n\n<p class=\"has-medium-font-size\">Obzirom na javnost rada Udru\u017eenja, \u0161to podrazumijeva prepoznatljivost izabran je znak u obliku stilizirane spirale.<\/p>\n\n\n\n<p class=\"has-text-align-center has-medium-font-size\"><strong>RAZLOZI OSNIVANJA UDRU\u017dENJA<\/strong><\/p>\n\n\n\n<p class=\"has-medium-font-size\">U svijetu postoje mnogobrojna udru\u017eenja koja okupljaju ljude srodnih\nstruka, putem kojih oni ostvaruju svoje najrazli\u010ditije interese. Sli\u010dna\nudru\u017eenja postoje i u na\u0161oj zemlji, uglavnom sa sjedi\u0161tem u Zagrebu. Glavna\naktivnost tih udru\u017eenja je organiziranje raznih stru\u010dnih seminara, \u010dime se\nnastoji \u010dlanstvo upoznati sa novim tehni\u010dkim dostignu\u0107ima i potaknuti ga na\naktivno pra\u0107enje tehnolo\u0161kog razvoja. Vi\u0161egodi\u0161njim pra\u0107enjem njihovog rada\nmoglo se primijetiti da je njihov rad jednoli\u010dan, godinama se obra\u0111uju iste\nteme bez vidnog kvalitativnog pomaka.<\/p>\n\n\n\n<p class=\"has-medium-font-size\">&nbsp;&nbsp;&nbsp;&nbsp;&nbsp;&nbsp;&nbsp;&nbsp;&nbsp;&nbsp;&nbsp; Mogu\u0107nost na\u0161eg sudjelovanja\nu ovakvim aktivnostima svodi se na njihovo pasivno pra\u0107enje, \u010dime se ne mo\u017eemo\nzadovoljiti, a pogotovo \u0161to smatramo da u na\u0161oj sredini djeluju ljudi koji\nsli\u010dne aktivnosti mogu raditi kvalitetnije . <\/p>\n\n\n\n<p class=\"has-medium-font-size\">&nbsp;&nbsp;&nbsp;&nbsp;&nbsp;&nbsp;&nbsp;&nbsp;&nbsp;&nbsp;&nbsp; Tako\u0111er je vidljivo da\nse danas, zbog trenutne politi\u010dke situacije, veliki broj takvih seminara nekad\nodr\u017eavanih na puno \u0161irem prostoru, preselio upravo u Istru. Tako je vrlo \u010dest\nslu\u010daj da se u na\u0161em susjedstvu odvijaju sli\u010dni doga\u0111aji u organizaciji raznih\nsubjekata iz cijele zemlje, na kojima smo opet vrlo \u010desto samo pasivni\npromatra\u010di, koji ne odre\u0111uju ni teme, ni predava\u010de, ni mjesta odr\u017eavanja\novakvih skupova.<\/p>\n\n\n\n<p class=\"has-medium-font-size\">&nbsp;&nbsp;&nbsp;&nbsp;&nbsp;&nbsp;&nbsp;&nbsp;&nbsp;&nbsp;&nbsp; Smatramo da su ciljevi\novakvih udru\u017eenja ispravni, me\u0111utim zadovoljavaju odre\u0111eni krug ljudi, u kojem\nse mi ne nalazimo, a formiranjem na\u0161eg Udru\u017eenja otvaraju se mogu\u0107nosti\naktivnog sudjelovanja, svakom in\u017eenjeru iz na\u0161e sredine zainteresiranom za\ntakvu vrstu rada.<\/p>\n\n\n\n<p class=\"has-medium-font-size\">Organizacija i odr\u017eavanje ovakvih i sli\u010dnih\nseminara, skupova, simpozija i sli\u010dno, predstavljala bi elementarni oblik\ndjelovanja udru\u017eenja, na kojem se i zadr\u017eava ve\u0107ina sli\u010dnih organizacija.\nUkoliko bi nas zadovoljilo ovakvo funkcioniranje udru\u017eenja, smatramo da bi nas\nzadovoljio i dosada\u0161nji na\u010din na koji smo u\u010destvovali u takvom radu, me\u0111utim\npotrebno je, a i \u017eelimo ne\u0161to vi\u0161e. Pod time smatramo da bi Udru\u017eenje trebalo\nostvarivati sljede\u0107e ciljeve:<br><\/p>\n\n\n\n<ol class=\"has-medium-font-size\"><li>Valorizacija rada \u010dlanova udru\u017eenja,<\/li><\/ol>\n\n\n\n<ul class=\"has-medium-font-size\"><li>Uspostavljanje\nveza izme\u0111u znanstvenika i stru\u010dnjaka iz oblasti djelovanja udru\u017eenja i\ngospodarstva Istre,<\/li><\/ul>\n\n\n\n<ul class=\"has-medium-font-size\"><li>Suradnja\nsa sli\u010dnim udru\u017eenjima u zemlji i svijetu,.<\/li><\/ul>\n\n\n\n<ul class=\"has-medium-font-size\"><li>Odr\u017eavanje\nseminara, konferencija, ljetnih \u0161kola, sa ciljem edukacije \u010dlanstva, studenata i\ngospodarstvenika regije &#8211; suradnja sa Gospodarskom komorom Istre,<\/li><\/ul>\n\n\n\n<ul class=\"has-medium-font-size\"><li>U\u010de\u0161\u0107e\nu projektima od utjecaja na razvoj Istre,<\/li><\/ul>\n\n\n\n<ul class=\"has-medium-font-size\"><li>U\u010de\u0161\u0107e\nu ekolo\u0161kim projektima, &nbsp;&nbsp;&nbsp;&nbsp;&nbsp; <\/li><\/ul>\n\n\n\n<ul class=\"has-medium-font-size\"><li>Izdava\u010dka\ndjelatnost,<\/li><\/ul>\n\n\n\n<ul class=\"has-medium-font-size\"><li>Iznala\u017eenje\nfondova za stipendiranje studenata deficitarnih profila i<\/li><\/ul>\n\n\n\n<ul class=\"has-medium-font-size\"><li>Poticanje\nrazvoja i doprinos kvaliteti \u0161kolstva.<\/li><\/ul>\n","protected":false},"excerpt":{"rendered":"<p>Dana 29.04.1994. u prostorijama HEP DP &#8220;Elektroistra&#8221; Pula u Puli, Vergerijeva 10, odr\u017eana je Osniva\u010dka skup\u0161tina Udru\u017eenja in\u017eenjera TECHNE, na kojoj je usvojen Statut, logo, izabrano vodstvo i prihva\u0107en program rada. Za ime udru\u017eenja izabrana je gr\u010dka rije\u010d TECHNE, koja predstavlja korijen rije\u010di tehnika, a zna\u010denje joj je: umjetnost, vje\u0161tina,<\/p>\n","protected":false},"author":1,"featured_media":0,"parent":0,"menu_order":0,"comment_status":"closed","ping_status":"closed","template":"","meta":[],"_links":{"self":[{"href":"https:\/\/www.techne.hr\/index.php?rest_route=\/wp\/v2\/pages\/46"}],"collection":[{"href":"https:\/\/www.techne.hr\/index.php?rest_route=\/wp\/v2\/pages"}],"about":[{"href":"https:\/\/www.techne.hr\/index.php?rest_route=\/wp\/v2\/types\/page"}],"author":[{"embeddable":true,"href":"https:\/\/www.techne.hr\/index.php?rest_route=\/wp\/v2\/users\/1"}],"replies":[{"embeddable":true,"href":"https:\/\/www.techne.hr\/index.php?rest_route=%2Fwp%2Fv2%2Fcomments&post=46"}],"version-history":[{"count":3,"href":"https:\/\/www.techne.hr\/index.php?rest_route=\/wp\/v2\/pages\/46\/revisions"}],"predecessor-version":[{"id":657,"href":"https:\/\/www.techne.hr\/index.php?rest_route=\/wp\/v2\/pages\/46\/revisions\/657"}],"wp:attachment":[{"href":"https:\/\/www.techne.hr\/index.php?rest_route=%2Fwp%2Fv2%2Fmedia&parent=46"}],"curies":[{"name":"wp","href":"https:\/\/api.w.org\/{rel}","templated":true}]}}